{"id":2516,"date":"2015-07-16T09:12:44","date_gmt":"2015-07-16T09:12:44","guid":{"rendered":"https:\/\/www.afbgroup.com.tr\/a-propos-de-nous\/"},"modified":"2024-05-15T07:19:52","modified_gmt":"2024-05-15T07:19:52","slug":"a-propos-de-nous","status":"publish","type":"page","link":"https:\/\/www.afbgroup.com.tr\/fr\/a-propos-de-nous\/","title":{"rendered":"\u00c0 propos de nous"},"content":{"rendered":"<div id='av-layout-grid-1'  class='av-layout-grid-container av-11momy-207456b8767592f15b83f0221d1d34b6 entry-content-wrapper main_color av-flex-cells  avia-builder-el-0  el_before_av_layout_row  avia-builder-el-first   container_wrap fullsize'  >\n\n<style type=\"text\/css\" data-created_by=\"avia_inline_auto\" id=\"style-css-av-3k5jm-d24586d557573d9ef7fc09af00cc817c\">\n.flex_cell.av-3k5jm-d24586d557573d9ef7fc09af00cc817c{\nvertical-align:top;\nheight:430px;\nmin-height:430px;\nbackground:url(https:\/\/www.afbgroup.com.tr\/wp-content\/uploads\/2024\/05\/pexels-photo-256381-1030x685.jpeg) 0% 50% no-repeat scroll ;\n}\n.responsive #top #wrap_all .flex_cell.av-3k5jm-d24586d557573d9ef7fc09af00cc817c{\npadding:30px 30px 30px 30px !important;\n}\n<\/style>\n<div class='flex_cell av-3k5jm-d24586d557573d9ef7fc09af00cc817c av-gridrow-cell av_one_half no_margin  avia-builder-el-1  el_before_av_cell_one_half  avia-builder-el-first  avia-full-stretch'  ><div class='flex_cell_inner'><\/div><\/div>\n<style type=\"text\/css\" data-created_by=\"avia_inline_auto\" id=\"style-css-av-r5r6y-a0d254060c419ef443bf8ce24a78e49e\">\n.flex_cell.av-r5r6y-a0d254060c419ef443bf8ce24a78e49e{\nvertical-align:middle;\nheight:430px;\nmin-height:430px;\nbackground-color:#f7f7f7;\n}\n.responsive #top #wrap_all .flex_cell.av-r5r6y-a0d254060c419ef443bf8ce24a78e49e{\npadding:30px 100px 30px 100px !important;\n}\n<\/style>\n<div class='flex_cell av-r5r6y-a0d254060c419ef443bf8ce24a78e49e av-gridrow-cell av_one_half no_margin  avia-builder-el-2  el_after_av_cell_one_half  avia-builder-el-last '  ><div class='flex_cell_inner'>\n<style type=\"text\/css\" data-created_by=\"avia_inline_auto\" id=\"style-css-av-j5zmi-8b94ae8c08b9f3747be70b3fbd211177\">\n.flex_column.av-j5zmi-8b94ae8c08b9f3747be70b3fbd211177{\nborder-radius:0px 0px 0px 0px;\npadding:0px 0px 0px 0px;\n}\n<\/style>\n<div  class='flex_column av-j5zmi-8b94ae8c08b9f3747be70b3fbd211177 av_one_full  avia-builder-el-3  avia-builder-el-no-sibling  first flex_column_div av-animated-generic bottom-to-top av-zero-column-padding  '     ><p>\n<style type=\"text\/css\" data-created_by=\"avia_inline_auto\" id=\"style-css-av-fnnsa-122a12b6a6956afca3427acb0974864c\">\n#top .av-special-heading.av-fnnsa-122a12b6a6956afca3427acb0974864c{\npadding-bottom:10px;\n}\nbody .av-special-heading.av-fnnsa-122a12b6a6956afca3427acb0974864c .av-special-heading-tag .heading-char{\nfont-size:25px;\n}\n.av-special-heading.av-fnnsa-122a12b6a6956afca3427acb0974864c .av-subheading{\nfont-size:15px;\n}\n<\/style>\n<div  class='av-special-heading av-fnnsa-122a12b6a6956afca3427acb0974864c av-special-heading-h3 blockquote modern-quote  avia-builder-el-4  el_before_av_textblock  avia-builder-el-first '><h3 class='av-special-heading-tag'  itemprop=\"headline\"  >Qui sommes-nous ? &#8211; Groupe AFB<\/h3><div class=\"special-heading-border\"><div class=\"special-heading-inner-border\"><\/div><\/div><\/div><br \/>\n\n<style type=\"text\/css\" data-created_by=\"avia_inline_auto\" id=\"style-css-av-8cud6-7fb1561c5b4a0330af8d6772b5292999\">\n#top .av_textblock_section.av-8cud6-7fb1561c5b4a0330af8d6772b5292999 .avia_textblock{\nfont-size:18px;\n}\n<\/style>\n<section  class='av_textblock_section av-8cud6-7fb1561c5b4a0330af8d6772b5292999 '   itemscope=\"itemscope\" itemtype=\"https:\/\/schema.org\/CreativeWork\" ><div class='avia_textblock'  itemprop=\"text\" ><p>Fond\u00e9 en 2010, le groupe AFB est devenu un leader dans le domaine de la fabrication industrielle, fournissant des pi\u00e8ces en m\u00e9tal, en caoutchouc et en plastique de haute qualit\u00e9 dans divers secteurs. Depuis notre si\u00e8ge en Turquie, nous avons \u00e9tendu notre port\u00e9e, nous effor\u00e7ant continuellement de d\u00e9passer les attentes de nos clients en adh\u00e9rant aux normes les plus \u00e9lev\u00e9es de production et d&rsquo;innovation.<\/p>\n<\/div><\/section><\/p><\/div>\n<\/div><\/div>\n<\/div>\n<div id='av-layout-grid-2'  class='av-layout-grid-container av-70c82-87173333eae745faf740fc09757640c9 entry-content-wrapper main_color av-flex-cells  avia-builder-el-6  el_after_av_layout_row  el_before_av_layout_row  grid-row-not-first  container_wrap fullsize'  >\n\n<style type=\"text\/css\" data-created_by=\"avia_inline_auto\" id=\"style-css-av-lvqzocxx-ae63db1b3d933567fd7028c8297a1a9a\">\n.flex_cell.av-lvqzocxx-ae63db1b3d933567fd7028c8297a1a9a{\nvertical-align:top;\nheight:430px;\nmin-height:430px;\n}\n<\/style>\n<div class='flex_cell av-lvqzocxx-ae63db1b3d933567fd7028c8297a1a9a av-gridrow-cell av_one_half no_margin  avia-builder-el-7  el_before_av_cell_one_half  avia-builder-el-first  avia-full-stretch'  ><div class='flex_cell_inner'>\n<style type=\"text\/css\" data-created_by=\"avia_inline_auto\" id=\"style-css-av-aevhm-83e0583a9ec99ba21b7592da960700cd\">\n.flex_column.av-aevhm-83e0583a9ec99ba21b7592da960700cd{\npadding:30px 30px 30px 30px;\n}\n\n@media only screen and (max-width: 479px){ \n.flex_column.av-aevhm-83e0583a9ec99ba21b7592da960700cd{\npadding:5px 5px 5px 5px;\n}\n}\n<\/style>\n<div  class='flex_column av-aevhm-83e0583a9ec99ba21b7592da960700cd av_one_full  avia-builder-el-8  avia-builder-el-no-sibling  flex_column_div  '     ><p>\n<style type=\"text\/css\" data-created_by=\"avia_inline_auto\" id=\"style-css-av-dh6xu-18198c921da2924debaf64f2685fb234\">\n#top .av-special-heading.av-dh6xu-18198c921da2924debaf64f2685fb234{\npadding-bottom:10px;\n}\nbody .av-special-heading.av-dh6xu-18198c921da2924debaf64f2685fb234 .av-special-heading-tag .heading-char{\nfont-size:25px;\n}\n.av-special-heading.av-dh6xu-18198c921da2924debaf64f2685fb234 .av-subheading{\nfont-size:15px;\n}\n<\/style>\n<div  class='av-special-heading av-dh6xu-18198c921da2924debaf64f2685fb234 av-special-heading-h3 blockquote modern-quote  avia-builder-el-9  el_before_av_textblock  avia-builder-el-first '><h3 class='av-special-heading-tag'  itemprop=\"headline\"  >Notre mission et nos valeurs :<\/h3><div class=\"special-heading-border\"><div class=\"special-heading-inner-border\"><\/div><\/div><\/div><br \/>\n\n<style type=\"text\/css\" data-created_by=\"avia_inline_auto\" id=\"style-css-av-pw7u-ce1bfed073bb88e252213cdef830aaf6\">\n#top .av_textblock_section.av-pw7u-ce1bfed073bb88e252213cdef830aaf6 .avia_textblock{\nfont-size:18px;\n}\n<\/style>\n<section  class='av_textblock_section av-pw7u-ce1bfed073bb88e252213cdef830aaf6 '   itemscope=\"itemscope\" itemtype=\"https:\/\/schema.org\/CreativeWork\" ><div class='avia_textblock'  itemprop=\"text\" ><ul>\n<li><strong>Excellence dans la production :<\/strong> Nous nous engageons \u00e0 assurer la plus haute qualit\u00e9 pour chaque produit et service, en veillant \u00e0 ce que la fiabilit\u00e9 et l&rsquo;excellence soient au c\u0153ur de tout ce que nous faisons.<\/li>\n<li><strong>L&rsquo;innovation comme norme :<\/strong> Nous embrassons l&rsquo;innovation, cherchant constamment \u00e0 am\u00e9liorer nos processus et nos technologies afin de mieux servir nos clients.<\/li>\n<li><strong>Une approche centr\u00e9e sur le client :<\/strong> Notre mission est de relever les d\u00e9fis de nos clients en leur proposant des solutions sur mesure qui non seulement r\u00e9pondent \u00e0 leurs attentes, mais les d\u00e9passent.<\/li>\n<\/ul>\n<\/div><\/section><\/p><\/div>\n<\/div><\/div>\n<style type=\"text\/css\" data-created_by=\"avia_inline_auto\" id=\"style-css-av-lvqzpmua-a13ae2a49a86005f44f97fd60a18f1d4\">\n.flex_cell.av-lvqzpmua-a13ae2a49a86005f44f97fd60a18f1d4{\nvertical-align:middle;\nheight:430px;\nmin-height:430px;\nbackground:url(https:\/\/www.afbgroup.com.tr\/wp-content\/uploads\/2024\/05\/1807239847-scaled.jpg) 0% 0% no-repeat scroll #f7f7f7;\n}\n.responsive #top #wrap_all .flex_cell.av-lvqzpmua-a13ae2a49a86005f44f97fd60a18f1d4{\npadding:30px 30px 30px 30px !important;\n}\n<\/style>\n<div class='flex_cell av-lvqzpmua-a13ae2a49a86005f44f97fd60a18f1d4 av-gridrow-cell av_one_half no_margin  avia-builder-el-11  el_after_av_cell_one_half  avia-builder-el-last  avia-full-stretch'  ><div class='flex_cell_inner'><\/div><\/div>\n<\/div>\n<div id='av-layout-grid-3'  class='av-layout-grid-container av-27jjm-d2dec59e691a5a7f2f4fd007cb3332b7 entry-content-wrapper main_color av-flex-cells  avia-builder-el-12  el_after_av_layout_row  avia-builder-el-last  grid-row-not-first  container_wrap fullsize'  >\n\n<style type=\"text\/css\" data-created_by=\"avia_inline_auto\" id=\"style-css-av-lvqzvj4t-1de3917bc14011d177ccbf2e4e2cdc8d\">\n.flex_cell.av-lvqzvj4t-1de3917bc14011d177ccbf2e4e2cdc8d{\nvertical-align:top;\nheight:430px;\nmin-height:430px;\nbackground:url(https:\/\/www.afbgroup.com.tr\/wp-content\/uploads\/2024\/05\/pexels-photo-2760241.webp) 0% 50% no-repeat scroll ;\n}\n.responsive #top #wrap_all .flex_cell.av-lvqzvj4t-1de3917bc14011d177ccbf2e4e2cdc8d{\npadding:30px 30px 30px 30px !important;\n}\n<\/style>\n<div class='flex_cell av-lvqzvj4t-1de3917bc14011d177ccbf2e4e2cdc8d av-gridrow-cell av_one_half no_margin  avia-builder-el-13  el_before_av_cell_one_half  avia-builder-el-first  avia-full-stretch'  ><div class='flex_cell_inner'><\/div><\/div>\n<style type=\"text\/css\" data-created_by=\"avia_inline_auto\" id=\"style-css-av-g2lle-4ed64738bca8c19664a74d20f8def1cc\">\n.flex_cell.av-g2lle-4ed64738bca8c19664a74d20f8def1cc{\nvertical-align:middle;\nheight:430px;\nmin-height:430px;\nbackground-color:#f7f7f7;\n}\n.responsive #top #wrap_all .flex_cell.av-g2lle-4ed64738bca8c19664a74d20f8def1cc{\npadding:30px 100px 30px 100px !important;\n}\n<\/style>\n<div class='flex_cell av-g2lle-4ed64738bca8c19664a74d20f8def1cc av-gridrow-cell av_one_half no_margin  avia-builder-el-14  el_after_av_cell_one_half  avia-builder-el-last '  ><div class='flex_cell_inner'>\n<style type=\"text\/css\" data-created_by=\"avia_inline_auto\" id=\"style-css-av-a00rm-69b3714bcda4f069b87212caf1a92b27\">\n.flex_column.av-a00rm-69b3714bcda4f069b87212caf1a92b27{\nborder-radius:0px 0px 0px 0px;\npadding:0px 0px 0px 0px;\n}\n<\/style>\n<div  class='flex_column av-a00rm-69b3714bcda4f069b87212caf1a92b27 av_one_full  avia-builder-el-15  avia-builder-el-no-sibling  first flex_column_div av-animated-generic bottom-to-top av-zero-column-padding  '     ><p>\n<style type=\"text\/css\" data-created_by=\"avia_inline_auto\" id=\"style-css-av-lvqzmuj1-5f144a71c4d9948be93c06a959b6c549\">\n#top .av-special-heading.av-lvqzmuj1-5f144a71c4d9948be93c06a959b6c549{\npadding-bottom:10px;\n}\nbody .av-special-heading.av-lvqzmuj1-5f144a71c4d9948be93c06a959b6c549 .av-special-heading-tag .heading-char{\nfont-size:25px;\n}\n.av-special-heading.av-lvqzmuj1-5f144a71c4d9948be93c06a959b6c549 .av-subheading{\nfont-size:15px;\n}\n<\/style>\n<div  class='av-special-heading av-lvqzmuj1-5f144a71c4d9948be93c06a959b6c549 av-special-heading-h3 blockquote modern-quote  avia-builder-el-16  el_before_av_textblock  avia-builder-el-first '><h3 class='av-special-heading-tag'  itemprop=\"headline\"  >Notre \u00e9quipe :<\/h3><div class=\"special-heading-border\"><div class=\"special-heading-inner-border\"><\/div><\/div><\/div><br \/>\n\n<style type=\"text\/css\" data-created_by=\"avia_inline_auto\" id=\"style-css-av-lvqzn78y-dc33a789dc9c944596fc6306397fc74b\">\n#top .av_textblock_section.av-lvqzn78y-dc33a789dc9c944596fc6306397fc74b .avia_textblock{\nfont-size:18px;\n}\n<\/style>\n<section  class='av_textblock_section av-lvqzn78y-dc33a789dc9c944596fc6306397fc74b '   itemscope=\"itemscope\" itemtype=\"https:\/\/schema.org\/CreativeWork\" ><div class='avia_textblock'  itemprop=\"text\" ><p>Au sein du groupe AFB, notre force r\u00e9side dans notre \u00e9quipe. Compos\u00e9e de v\u00e9t\u00e9rans de l&rsquo;industrie et d&rsquo;esprits novateurs, notre \u00e9quipe r\u00e9unit des ann\u00e9es d&rsquo;exp\u00e9rience et une approche nouvelle de la r\u00e9solution des probl\u00e8mes. Nous travaillons en \u00e9troite collaboration pour nous assurer que chaque projet que nous entreprenons est trait\u00e9 avec un soin expert et une attention particuli\u00e8re aux d\u00e9tails.<\/p>\n<p>Join us on our journey of precision and excellence. At AFB Group, your vision is our mission.<\/p>\n<\/div><\/section><\/p><\/div>\n<\/div><\/div>\n<\/div>\n","protected":false},"excerpt":{"rendered":"","protected":false},"author":1,"featured_media":0,"parent":0,"menu_order":0,"comment_status":"open","ping_status":"open","template":"","meta":{"footnotes":""},"class_list":["post-2516","page","type-page","status-publish","hentry"],"aioseo_notices":[],"_links":{"self":[{"href":"https:\/\/www.afbgroup.com.tr\/fr\/wp-json\/wp\/v2\/pages\/2516","targetHints":{"allow":["GET"]}}],"collection":[{"href":"https:\/\/www.afbgroup.com.tr\/fr\/wp-json\/wp\/v2\/pages"}],"about":[{"href":"https:\/\/www.afbgroup.com.tr\/fr\/wp-json\/wp\/v2\/types\/page"}],"author":[{"embeddable":true,"href":"https:\/\/www.afbgroup.com.tr\/fr\/wp-json\/wp\/v2\/users\/1"}],"replies":[{"embeddable":true,"href":"https:\/\/www.afbgroup.com.tr\/fr\/wp-json\/wp\/v2\/comments?post=2516"}],"version-history":[{"count":2,"href":"https:\/\/www.afbgroup.com.tr\/fr\/wp-json\/wp\/v2\/pages\/2516\/revisions"}],"predecessor-version":[{"id":2518,"href":"https:\/\/www.afbgroup.com.tr\/fr\/wp-json\/wp\/v2\/pages\/2516\/revisions\/2518"}],"wp:attachment":[{"href":"https:\/\/www.afbgroup.com.tr\/fr\/wp-json\/wp\/v2\/media?parent=2516"}],"curies":[{"name":"wp","href":"https:\/\/api.w.org\/{rel}","templated":true}]}}