{"id":2525,"date":"2015-07-16T09:12:44","date_gmt":"2015-07-16T09:12:44","guid":{"rendered":"https:\/\/www.afbgroup.com.tr\/quienes-somos\/"},"modified":"2024-05-15T07:26:51","modified_gmt":"2024-05-15T07:26:51","slug":"quienes-somos","status":"publish","type":"page","link":"https:\/\/www.afbgroup.com.tr\/es\/quienes-somos\/","title":{"rendered":"Qui\u00e9nes somos"},"content":{"rendered":"<div id='av-layout-grid-1'  class='av-layout-grid-container av-11momy-207456b8767592f15b83f0221d1d34b6 entry-content-wrapper main_color av-flex-cells  avia-builder-el-0  el_before_av_layout_row  avia-builder-el-first   container_wrap fullsize'  >\n\n<style type=\"text\/css\" data-created_by=\"avia_inline_auto\" id=\"style-css-av-3k5jm-d24586d557573d9ef7fc09af00cc817c\">\n.flex_cell.av-3k5jm-d24586d557573d9ef7fc09af00cc817c{\nvertical-align:top;\nheight:430px;\nmin-height:430px;\nbackground:url(https:\/\/www.afbgroup.com.tr\/wp-content\/uploads\/2024\/05\/pexels-photo-256381-1030x685.jpeg) 0% 50% no-repeat scroll ;\n}\n.responsive #top #wrap_all .flex_cell.av-3k5jm-d24586d557573d9ef7fc09af00cc817c{\npadding:30px 30px 30px 30px !important;\n}\n<\/style>\n<div class='flex_cell av-3k5jm-d24586d557573d9ef7fc09af00cc817c av-gridrow-cell av_one_half no_margin  avia-builder-el-1  el_before_av_cell_one_half  avia-builder-el-first  avia-full-stretch'  ><div class='flex_cell_inner'><\/div><\/div>\n<style type=\"text\/css\" data-created_by=\"avia_inline_auto\" id=\"style-css-av-r5r6y-a0d254060c419ef443bf8ce24a78e49e\">\n.flex_cell.av-r5r6y-a0d254060c419ef443bf8ce24a78e49e{\nvertical-align:middle;\nheight:430px;\nmin-height:430px;\nbackground-color:#f7f7f7;\n}\n.responsive #top #wrap_all .flex_cell.av-r5r6y-a0d254060c419ef443bf8ce24a78e49e{\npadding:30px 100px 30px 100px !important;\n}\n<\/style>\n<div class='flex_cell av-r5r6y-a0d254060c419ef443bf8ce24a78e49e av-gridrow-cell av_one_half no_margin  avia-builder-el-2  el_after_av_cell_one_half  avia-builder-el-last '  ><div class='flex_cell_inner'>\n<style type=\"text\/css\" data-created_by=\"avia_inline_auto\" id=\"style-css-av-j5zmi-8b94ae8c08b9f3747be70b3fbd211177\">\n.flex_column.av-j5zmi-8b94ae8c08b9f3747be70b3fbd211177{\nborder-radius:0px 0px 0px 0px;\npadding:0px 0px 0px 0px;\n}\n<\/style>\n<div  class='flex_column av-j5zmi-8b94ae8c08b9f3747be70b3fbd211177 av_one_full  avia-builder-el-3  avia-builder-el-no-sibling  first flex_column_div av-animated-generic bottom-to-top av-zero-column-padding  '     ><p>\n<style type=\"text\/css\" data-created_by=\"avia_inline_auto\" id=\"style-css-av-fnnsa-aa596a8716914301745843c1bdbf561e\">\n#top .av-special-heading.av-fnnsa-aa596a8716914301745843c1bdbf561e{\npadding-bottom:10px;\n}\nbody .av-special-heading.av-fnnsa-aa596a8716914301745843c1bdbf561e .av-special-heading-tag .heading-char{\nfont-size:25px;\n}\n.av-special-heading.av-fnnsa-aa596a8716914301745843c1bdbf561e .av-subheading{\nfont-size:15px;\n}\n<\/style>\n<div  class='av-special-heading av-fnnsa-aa596a8716914301745843c1bdbf561e av-special-heading-h3 blockquote modern-quote  avia-builder-el-4  el_before_av_textblock  avia-builder-el-first '><h3 class='av-special-heading-tag'  itemprop=\"headline\"  >Qui\u00e9nes somos &#8211; AFB Group<\/h3><div class=\"special-heading-border\"><div class=\"special-heading-inner-border\"><\/div><\/div><\/div><br \/>\n\n<style type=\"text\/css\" data-created_by=\"avia_inline_auto\" id=\"style-css-av-8cud6-7fb1561c5b4a0330af8d6772b5292999\">\n#top .av_textblock_section.av-8cud6-7fb1561c5b4a0330af8d6772b5292999 .avia_textblock{\nfont-size:18px;\n}\n<\/style>\n<section  class='av_textblock_section av-8cud6-7fb1561c5b4a0330af8d6772b5292999 '   itemscope=\"itemscope\" itemtype=\"https:\/\/schema.org\/CreativeWork\" ><div class='avia_textblock'  itemprop=\"text\" ><p>Fundado en 2010, AFB Group ha crecido hasta convertirse en un l\u00edder en el campo de la fabricaci\u00f3n industrial, proporcionando piezas de metal, caucho y pl\u00e1stico de alta calidad en diversos sectores. Desde nuestra sede en Turqu\u00eda, hemos ampliado nuestro alcance, esforz\u00e1ndonos continuamente por superar las expectativas de nuestros clientes mediante la adhesi\u00f3n a los m\u00e1s altos est\u00e1ndares de producci\u00f3n e innovaci\u00f3n.<\/p>\n<\/div><\/section><\/p><\/div>\n<\/div><\/div>\n<\/div>\n<div id='av-layout-grid-2'  class='av-layout-grid-container av-70c82-87173333eae745faf740fc09757640c9 entry-content-wrapper main_color av-flex-cells  avia-builder-el-6  el_after_av_layout_row  el_before_av_layout_row  grid-row-not-first  container_wrap fullsize'  >\n\n<style type=\"text\/css\" data-created_by=\"avia_inline_auto\" id=\"style-css-av-lvqzocxx-ae63db1b3d933567fd7028c8297a1a9a\">\n.flex_cell.av-lvqzocxx-ae63db1b3d933567fd7028c8297a1a9a{\nvertical-align:top;\nheight:430px;\nmin-height:430px;\n}\n<\/style>\n<div class='flex_cell av-lvqzocxx-ae63db1b3d933567fd7028c8297a1a9a av-gridrow-cell av_one_half no_margin  avia-builder-el-7  el_before_av_cell_one_half  avia-builder-el-first  avia-full-stretch'  ><div class='flex_cell_inner'>\n<style type=\"text\/css\" data-created_by=\"avia_inline_auto\" id=\"style-css-av-aevhm-83e0583a9ec99ba21b7592da960700cd\">\n.flex_column.av-aevhm-83e0583a9ec99ba21b7592da960700cd{\npadding:30px 30px 30px 30px;\n}\n\n@media only screen and (max-width: 479px){ \n.flex_column.av-aevhm-83e0583a9ec99ba21b7592da960700cd{\npadding:5px 5px 5px 5px;\n}\n}\n<\/style>\n<div  class='flex_column av-aevhm-83e0583a9ec99ba21b7592da960700cd av_one_full  avia-builder-el-8  avia-builder-el-no-sibling  flex_column_div  '     ><p>\n<style type=\"text\/css\" data-created_by=\"avia_inline_auto\" id=\"style-css-av-dh6xu-0408520eb47acfe74ff23e67a332e117\">\n#top .av-special-heading.av-dh6xu-0408520eb47acfe74ff23e67a332e117{\npadding-bottom:10px;\n}\nbody .av-special-heading.av-dh6xu-0408520eb47acfe74ff23e67a332e117 .av-special-heading-tag .heading-char{\nfont-size:25px;\n}\n.av-special-heading.av-dh6xu-0408520eb47acfe74ff23e67a332e117 .av-subheading{\nfont-size:15px;\n}\n<\/style>\n<div  class='av-special-heading av-dh6xu-0408520eb47acfe74ff23e67a332e117 av-special-heading-h3 blockquote modern-quote  avia-builder-el-9  el_before_av_textblock  avia-builder-el-first '><h3 class='av-special-heading-tag'  itemprop=\"headline\"  >Nuestra misi\u00f3n y nuestros valores:<\/h3><div class=\"special-heading-border\"><div class=\"special-heading-inner-border\"><\/div><\/div><\/div><br \/>\n\n<style type=\"text\/css\" data-created_by=\"avia_inline_auto\" id=\"style-css-av-pw7u-ce1bfed073bb88e252213cdef830aaf6\">\n#top .av_textblock_section.av-pw7u-ce1bfed073bb88e252213cdef830aaf6 .avia_textblock{\nfont-size:18px;\n}\n<\/style>\n<section  class='av_textblock_section av-pw7u-ce1bfed073bb88e252213cdef830aaf6 '   itemscope=\"itemscope\" itemtype=\"https:\/\/schema.org\/CreativeWork\" ><div class='avia_textblock'  itemprop=\"text\" ><ul>\n<li><strong>Excelencia en la producci\u00f3n:<\/strong> Nos comprometemos a ofrecer la m\u00e1xima calidad en cada producto y servicio, garantizando que la fiabilidad y la excelencia est\u00e9n en el centro de todo lo que hacemos.<\/li>\n<li><strong>Innovaci\u00f3n como norma:<\/strong> Adoptamos la innovaci\u00f3n, buscando constantemente mejorar nuestros procesos y tecnolog\u00edas para servir mejor a nuestros clientes.<\/li>\n<li><strong>Enfoque centrado en el cliente:<\/strong> Nuestra misi\u00f3n es resolver los retos de los clientes con soluciones a medida que no solo cumplan sus expectativas, sino que las superen.<\/li>\n<\/ul>\n<\/div><\/section><\/p><\/div>\n<\/div><\/div>\n<style type=\"text\/css\" data-created_by=\"avia_inline_auto\" id=\"style-css-av-lvqzpmua-a13ae2a49a86005f44f97fd60a18f1d4\">\n.flex_cell.av-lvqzpmua-a13ae2a49a86005f44f97fd60a18f1d4{\nvertical-align:middle;\nheight:430px;\nmin-height:430px;\nbackground:url(https:\/\/www.afbgroup.com.tr\/wp-content\/uploads\/2024\/05\/1807239847-scaled.jpg) 0% 0% no-repeat scroll #f7f7f7;\n}\n.responsive #top #wrap_all .flex_cell.av-lvqzpmua-a13ae2a49a86005f44f97fd60a18f1d4{\npadding:30px 30px 30px 30px !important;\n}\n<\/style>\n<div class='flex_cell av-lvqzpmua-a13ae2a49a86005f44f97fd60a18f1d4 av-gridrow-cell av_one_half no_margin  avia-builder-el-11  el_after_av_cell_one_half  avia-builder-el-last  avia-full-stretch'  ><div class='flex_cell_inner'><\/div><\/div>\n<\/div>\n<div id='av-layout-grid-3'  class='av-layout-grid-container av-27jjm-d2dec59e691a5a7f2f4fd007cb3332b7 entry-content-wrapper main_color av-flex-cells  avia-builder-el-12  el_after_av_layout_row  avia-builder-el-last  grid-row-not-first  container_wrap fullsize'  >\n\n<style type=\"text\/css\" data-created_by=\"avia_inline_auto\" id=\"style-css-av-lvqzvj4t-1de3917bc14011d177ccbf2e4e2cdc8d\">\n.flex_cell.av-lvqzvj4t-1de3917bc14011d177ccbf2e4e2cdc8d{\nvertical-align:top;\nheight:430px;\nmin-height:430px;\nbackground:url(https:\/\/www.afbgroup.com.tr\/wp-content\/uploads\/2024\/05\/pexels-photo-2760241.webp) 0% 50% no-repeat scroll ;\n}\n.responsive #top #wrap_all .flex_cell.av-lvqzvj4t-1de3917bc14011d177ccbf2e4e2cdc8d{\npadding:30px 30px 30px 30px !important;\n}\n<\/style>\n<div class='flex_cell av-lvqzvj4t-1de3917bc14011d177ccbf2e4e2cdc8d av-gridrow-cell av_one_half no_margin  avia-builder-el-13  el_before_av_cell_one_half  avia-builder-el-first  avia-full-stretch'  ><div class='flex_cell_inner'><\/div><\/div>\n<style type=\"text\/css\" data-created_by=\"avia_inline_auto\" id=\"style-css-av-g2lle-4ed64738bca8c19664a74d20f8def1cc\">\n.flex_cell.av-g2lle-4ed64738bca8c19664a74d20f8def1cc{\nvertical-align:middle;\nheight:430px;\nmin-height:430px;\nbackground-color:#f7f7f7;\n}\n.responsive #top #wrap_all .flex_cell.av-g2lle-4ed64738bca8c19664a74d20f8def1cc{\npadding:30px 100px 30px 100px !important;\n}\n<\/style>\n<div class='flex_cell av-g2lle-4ed64738bca8c19664a74d20f8def1cc av-gridrow-cell av_one_half no_margin  avia-builder-el-14  el_after_av_cell_one_half  avia-builder-el-last '  ><div class='flex_cell_inner'>\n<style type=\"text\/css\" data-created_by=\"avia_inline_auto\" id=\"style-css-av-a00rm-69b3714bcda4f069b87212caf1a92b27\">\n.flex_column.av-a00rm-69b3714bcda4f069b87212caf1a92b27{\nborder-radius:0px 0px 0px 0px;\npadding:0px 0px 0px 0px;\n}\n<\/style>\n<div  class='flex_column av-a00rm-69b3714bcda4f069b87212caf1a92b27 av_one_full  avia-builder-el-15  avia-builder-el-no-sibling  first flex_column_div av-animated-generic bottom-to-top av-zero-column-padding  '     ><p>\n<style type=\"text\/css\" data-created_by=\"avia_inline_auto\" id=\"style-css-av-lvqzmuj1-981c1dde426471a9472a0fa1fc340878\">\n#top .av-special-heading.av-lvqzmuj1-981c1dde426471a9472a0fa1fc340878{\npadding-bottom:10px;\n}\nbody .av-special-heading.av-lvqzmuj1-981c1dde426471a9472a0fa1fc340878 .av-special-heading-tag .heading-char{\nfont-size:25px;\n}\n.av-special-heading.av-lvqzmuj1-981c1dde426471a9472a0fa1fc340878 .av-subheading{\nfont-size:15px;\n}\n<\/style>\n<div  class='av-special-heading av-lvqzmuj1-981c1dde426471a9472a0fa1fc340878 av-special-heading-h3 blockquote modern-quote  avia-builder-el-16  el_before_av_textblock  avia-builder-el-first '><h3 class='av-special-heading-tag'  itemprop=\"headline\"  >Nuestro equipo:<\/h3><div class=\"special-heading-border\"><div class=\"special-heading-inner-border\"><\/div><\/div><\/div><br \/>\n\n<style type=\"text\/css\" data-created_by=\"avia_inline_auto\" id=\"style-css-av-lvqzn78y-dc33a789dc9c944596fc6306397fc74b\">\n#top .av_textblock_section.av-lvqzn78y-dc33a789dc9c944596fc6306397fc74b .avia_textblock{\nfont-size:18px;\n}\n<\/style>\n<section  class='av_textblock_section av-lvqzn78y-dc33a789dc9c944596fc6306397fc74b '   itemscope=\"itemscope\" itemtype=\"https:\/\/schema.org\/CreativeWork\" ><div class='avia_textblock'  itemprop=\"text\" ><p>En AFB Group, nuestra fuerza reside en nuestro equipo. Formado por veteranos del sector y mentes innovadoras, nuestro personal a\u00fana a\u00f1os de experiencia y un nuevo enfoque de la resoluci\u00f3n de problemas. Trabajamos en estrecha colaboraci\u00f3n para garantizar que cada proyecto que emprendemos se gestiona con el cuidado experto y la atenci\u00f3n al detalle.<\/p>\n<p>\u00danase a nosotros en nuestro viaje de precisi\u00f3n y excelencia. En AFB Group, su visi\u00f3n es nuestra misi\u00f3n.<\/p>\n<\/div><\/section><\/p><\/div>\n<\/div><\/div>\n<\/div>\n","protected":false},"excerpt":{"rendered":"","protected":false},"author":1,"featured_media":0,"parent":0,"menu_order":0,"comment_status":"open","ping_status":"open","template":"","meta":{"footnotes":""},"class_list":["post-2525","page","type-page","status-publish","hentry"],"aioseo_notices":[],"_links":{"self":[{"href":"https:\/\/www.afbgroup.com.tr\/es\/wp-json\/wp\/v2\/pages\/2525","targetHints":{"allow":["GET"]}}],"collection":[{"href":"https:\/\/www.afbgroup.com.tr\/es\/wp-json\/wp\/v2\/pages"}],"about":[{"href":"https:\/\/www.afbgroup.com.tr\/es\/wp-json\/wp\/v2\/types\/page"}],"author":[{"embeddable":true,"href":"https:\/\/www.afbgroup.com.tr\/es\/wp-json\/wp\/v2\/users\/1"}],"replies":[{"embeddable":true,"href":"https:\/\/www.afbgroup.com.tr\/es\/wp-json\/wp\/v2\/comments?post=2525"}],"version-history":[{"count":2,"href":"https:\/\/www.afbgroup.com.tr\/es\/wp-json\/wp\/v2\/pages\/2525\/revisions"}],"predecessor-version":[{"id":2527,"href":"https:\/\/www.afbgroup.com.tr\/es\/wp-json\/wp\/v2\/pages\/2525\/revisions\/2527"}],"wp:attachment":[{"href":"https:\/\/www.afbgroup.com.tr\/es\/wp-json\/wp\/v2\/media?parent=2525"}],"curies":[{"name":"wp","href":"https:\/\/api.w.org\/{rel}","templated":true}]}}